{"id":773,"date":"2022-06-21T11:44:08","date_gmt":"2022-06-21T09:44:08","guid":{"rendered":"https:\/\/www.lmw-leichtmetall.de\/contact\/"},"modified":"2023-02-21T18:11:35","modified_gmt":"2023-02-21T17:11:35","slug":"contact","status":"publish","type":"page","link":"https:\/\/www.lmw-leichtmetall.de\/en\/contact\/","title":{"rendered":"Contact"},"content":{"rendered":"<p>[et_pb_section fb_built=&#8221;1&#8243; fullwidth=&#8221;on&#8221; disabled_on=&#8221;on|on|on&#8221; _builder_version=&#8221;4.17.4&#8243; _module_preset=&#8221;default&#8221; disabled=&#8221;on&#8221; global_colors_info=&#8221;{}&#8221;][et_pb_fullwidth_slider module_class=&#8221;lmw-slider&#8221; _builder_version=&#8221;4.17.4&#8243; _module_preset=&#8221;default&#8221; header_font_size=&#8221;60px&#8221; body_font=&#8221;|600|||||||&#8221; body_font_size=&#8221;20px&#8221; text_orientation=&#8221;left&#8221; min_height=&#8221;650px&#8221; global_colors_info=&#8221;{}&#8221;][et_pb_slide _builder_version=&#8221;4.17.4&#8243; _module_preset=&#8221;default&#8221; background_image=&#8221;https:\/\/www.lmw-leichtmetall.de\/wp-content\/uploads\/2022\/06\/Werksverkauf.jpg&#8221; background_enable_image=&#8221;on&#8221; background_position=&#8221;bottom_center&#8221; global_colors_info=&#8221;{}&#8221; sticky_transition=&#8221;on&#8221;]<\/p>\n<h3>Welcome <\/h3>\n<h3>in unserem Werksverkauf<\/h3>\n<p>Das Kochen und Braten ist unsere Passion.<\/p>\n<p>[\/et_pb_slide][\/et_pb_fullwidth_slider][\/et_pb_section][et_pb_section fb_built=&#8221;1&#8243; disabled_on=&#8221;off|off|on&#8221; _builder_version=&#8221;4.17.4&#8243; _module_preset=&#8221;default&#8221; background_image=&#8221;https:\/\/www.lmw-leichtmetall.de\/wp-content\/uploads\/2022\/06\/IMG_1118.jpg&#8221; min_height=&#8221;200px&#8221; min_height_tablet=&#8221;400px&#8221; min_height_phone=&#8221;200px&#8221; min_height_last_edited=&#8221;on|phone&#8221; global_colors_info=&#8221;{}&#8221;][\/et_pb_section][et_pb_section fb_built=&#8221;1&#8243; custom_padding_last_edited=&#8221;on|phone&#8221; module_id=&#8221;anfahrt&#8221; _builder_version=&#8221;4.17.4&#8243; _module_preset=&#8221;default&#8221; background_image=&#8221;https:\/\/www.lmw-leichtmetall.de\/wp-content\/uploads\/2022\/06\/IMG_1118.jpg&#8221; background_size=&#8221;contain&#8221; background_position=&#8221;center_right&#8221; custom_margin=&#8221;0px||0px||false|false&#8221; custom_padding=&#8221;100px||100px||false|false&#8221; custom_padding_tablet=&#8221;100px||100px||false|false&#8221; custom_padding_phone=&#8221;40px||100px||false|false&#8221; hover_enabled=&#8221;0&#8243; background_last_edited=&#8221;on|tablet&#8221; background_enable_image_tablet=&#8221;off&#8221; background_enable_image_phone=&#8221;off&#8221; global_colors_info=&#8221;{}&#8221; module_class=&#8221;lmw-contactarea&#8221; sticky_enabled=&#8221;0&#8243;][et_pb_row column_structure=&#8221;2_5,3_5&#8243; _builder_version=&#8221;4.17.4&#8243; _module_preset=&#8221;default&#8221; custom_padding=&#8221;0px||0px||false|false&#8221; global_colors_info=&#8221;{}&#8221;][et_pb_column type=&#8221;2_5&#8243; _builder_version=&#8221;4.17.4&#8243; _module_preset=&#8221;default&#8221; global_colors_info=&#8221;{}&#8221;][et_pb_text _builder_version=&#8221;4.17.4&#8243; _module_preset=&#8221;default&#8221; header_font=&#8221;|600|||||||&#8221; header_font_size_tablet=&#8221;&#8221; header_font_size_phone=&#8221;26px&#8221; header_font_size_last_edited=&#8221;on|phone&#8221; global_colors_info=&#8221;{}&#8221; text_text_color__hover_enabled=&#8221;on|desktop&#8221;]<\/p>\n<h1>Contact &amp; Opening hours<strong><\/strong><\/h1>\n<p>[\/et_pb_text][et_pb_text _builder_version=&#8221;4.17.4&#8243; _module_preset=&#8221;default&#8221; global_colors_info=&#8221;{}&#8221;]<\/p>\n<p><strong>LMW Leichtmetallguss GmbH<\/strong><br \/><span>H\u00f6nnestra\u00dfe 59<br \/>D-58809 Neuenrade<\/span><\/p>\n<p>Phone: +49 (0) 23 94 \/ 91 89 &#8211; 0<br \/>Fax: +49 (0) 23 94 \/ 91 89 &#8211; 20<br \/>email: <a href=\"mailto:info@lmw-leichtmetall.de\">info@lmw-leichtmetall.de<\/a><\/p>\n<p>[\/et_pb_text][et_pb_text _builder_version=&#8221;4.17.4&#8243; _module_preset=&#8221;default&#8221; custom_margin=&#8221;30px||0px||false|false&#8221; global_colors_info=&#8221;{}&#8221;]<\/p>\n<p><b>Office hours<\/b><\/p>\n<p>[\/et_pb_text][dipl_business_hours _builder_version=&#8221;4.17.4&#8243; _module_preset=&#8221;default&#8221; width=&#8221;85%&#8221; width_tablet=&#8221;85%&#8221; width_phone=&#8221;100%&#8221; width_last_edited=&#8221;on|phone&#8221; custom_margin=&#8221;0px|0px|0px|0px|false|false&#8221; custom_padding=&#8221;0px|0px|0px|0px|false|false&#8221; global_colors_info=&#8221;{}&#8221;][dipl_business_hours_item business_day=&#8221;Montag &#8211; Donnerstag&#8221; business_time=&#8221;8.00 \u2013 16.00 Uhr&#8221; _builder_version=&#8221;4.17.4&#8243; _module_preset=&#8221;default&#8221; custom_padding=&#8221;||||false|false&#8221; global_colors_info=&#8221;{}&#8221;][\/dipl_business_hours_item][dipl_business_hours_item business_day=&#8221;Freitag&#8221; business_time=&#8221;8.00 \u2013 15.00 Uhr&#8221; _builder_version=&#8221;4.17.4&#8243; _module_preset=&#8221;default&#8221; global_colors_info=&#8221;{}&#8221;][\/dipl_business_hours_item][\/dipl_business_hours][\/et_pb_column][et_pb_column type=&#8221;3_5&#8243; _builder_version=&#8221;4.17.4&#8243; _module_preset=&#8221;default&#8221; global_colors_info=&#8221;{}&#8221;][\/et_pb_column][\/et_pb_row][\/et_pb_section][et_pb_section fb_built=&#8221;1&#8243; custom_padding_last_edited=&#8221;on|phone&#8221; _builder_version=&#8221;4.17.4&#8243; _module_preset=&#8221;default&#8221; background_color=&#8221;rgba(151,151,154,0.25)&#8221; custom_padding=&#8221;100px|0px|100px||false|false&#8221; custom_padding_tablet=&#8221;100px|0px|100px||false|false&#8221; custom_padding_phone=&#8221;20px||||false|false&#8221; global_colors_info=&#8221;{}&#8221;][et_pb_row _builder_version=&#8221;4.17.4&#8243; _module_preset=&#8221;default&#8221; custom_margin=&#8221;||0px||false|false&#8221; custom_padding=&#8221;||0px||false|false&#8221; global_colors_info=&#8221;{}&#8221;][et_pb_column type=&#8221;4_4&#8243; _builder_version=&#8221;4.17.4&#8243; _module_preset=&#8221;default&#8221; global_colors_info=&#8221;{}&#8221;][et_pb_text _builder_version=&#8221;4.17.4&#8243; _module_preset=&#8221;default&#8221; header_font=&#8221;|600|||||||&#8221; header_2_font=&#8221;|600|||||||&#8221; header_2_font_size=&#8221;30px&#8221; custom_margin=&#8221;||0px||false|false&#8221; custom_padding=&#8221;||0px||false|false&#8221; header_2_font_size_tablet=&#8221;30px&#8221; header_2_font_size_phone=&#8221;26px&#8221; header_2_font_size_last_edited=&#8221;on|phone&#8221; global_colors_info=&#8221;{}&#8221;]<\/p>\n<h2>Online enquiry<strong><\/strong><\/h2>\n<p>[\/et_pb_text][\/et_pb_column][\/et_pb_row][et_pb_row _builder_version=&#8221;4.17.4&#8243; _module_preset=&#8221;default&#8221; custom_margin=&#8221;||||false|false&#8221; custom_padding=&#8221;0px||||false|false&#8221; global_colors_info=&#8221;{}&#8221;][et_pb_column type=&#8221;4_4&#8243; _builder_version=&#8221;4.17.4&#8243; _module_preset=&#8221;default&#8221; global_colors_info=&#8221;{}&#8221;][et_pb_contact_form captcha=&#8221;off&#8221; email=&#8221;jochen@everscreen.de&#8221; custom_message=&#8221;You have a request from %%Name%%.||et_pb_line_break_holder||||et_pb_line_break_holder||Reason for request: %%anliegen%%||et_pb_line_break_holder||Request as %%artderanfrage%%||et_pb_line_break_holder||||et_pb_line_break_holder||%%Firma%%||et_pb_line_break_holder||%%Name%%||et_pb_line_break_holder||%%Position%%||et_pb_line_break_holder||||et_pb_line_break_holder||%%adresse%%||et_pb_line_break_holder||%%plz%%||et_pb_line_break_holder||||et_pb_line_break_holder||%%Email%%||et_pb_line_break_holder||%%telefon%%||et_pb_line_break_holder||||et_pb_line_break_holder||%%Message%%||et_pb_line_break_holder||||et_pb_line_break_holder||The person making the request has agreed to the data protection guidelines.&#8221; submit_button_text=&#8221;Send request&#8221; _builder_version=&#8221;4.17.4&#8243; _module_preset=&#8221;default&#8221; _unique_id=&#8221;2f4b6e14-ff59-4f03-992b-f5e25dea85aa&#8221; form_field_background_color=&#8221;#FFFFFF&#8221; custom_button=&#8221;on&#8221; button_text_size=&#8221;18px&#8221; button_text_color=&#8221;#FFFFFF&#8221; button_bg_color=&#8221;#E87806&#8243; button_border_width=&#8221;0px&#8221; button_border_radius=&#8221;0px&#8221; button_icon=&#8221;&#x24;||divi||400&#8243; button_icon_placement=&#8221;left&#8221; button_on_hover=&#8221;off&#8221; button_custom_margin=&#8221;||||false|false&#8221; button_custom_padding=&#8221;10px|40px|10px|50px|false|false&#8221; use_confirmation_email=&#8221;on&#8221; confirmation_email_subject=&#8221;Ihre Anfrage bei LMW Leichtmetallguss GmbH&#8221; confirmation_email_from_name=&#8221;LMW Leichtmetallguss GmbH&#8221; confirmation_email_from=&#8221;info@lmw-leichtmetall.de&#8221; confirmation_email_message=&#8221;Vielen Dank, %%Name%%.<\/p>\n<p>Wir haben Ihre Anfrage erhalten.<\/p>\n<p>Grund der Anfrage: %%anliegen%%<br \/>\nAnfrage als %%artderanfrage%%<\/p>\n<p>%%Firma%%<br \/>\n%%Name%%<br \/>\n%%Position%%<\/p>\n<p>%%adresse%%<br \/>\n%%plz%%<\/p>\n<p>%%Email%%<br \/>\n%%telefon%%<\/p>\n<p>%%Message%%<\/p>\n<p>Sie haben den Datenschutzrichtlinien zugestimmt.<\/p>\n<p>Wir bearbeiten Ihr Anliegen schnellstm\u00f6glich und melden uns bei Ihnen.<\/p>\n<p>&#8212;&#8212;&#8212;&#8212;&#8212;&#8212;&#8212;&#8212;&#8212;&#8212;&#8212;&#8212;&#8212;&#8212;-<\/p>\n<p>LMW Leichtmetallguss GmbH<br \/>\nHoennestr. 59<br \/>\n58809 Neuenrade<br \/>\nGermany<\/p>\n<p>Phone: +49-2394-9189-11<br \/>\nE-Mail: info@lmw-leichtmetall.de<br \/>\nwww.lmw-leichtmetall.de<\/p>\n<p>Handelsregister: AG Iserlohn,  HRB-Nr. 5236<br \/>\nGesch\u00e4ftsf\u00fchrung:  Jacqueline L\u00f6ffler<\/p>\n<p>Diese E-Mail enth\u00e4lt vertrauliche oder rechtlich gesch\u00fctzte Informationen.<br \/>\nWenn Sie nicht der beabsichtigte Empf\u00e4nger sind, informieren Sie bitte sofort den Absender und l\u00f6schen diese E-Mail. Das unbefugte Kopieren dieser E-Mail oder die unbefugte Weitergabe der enthaltenen Informationen ist nicht gestattet.<br \/>\nThe information contained in this message is confidential or protected by law.<br \/>\nIf you are not the intended recipient, please contact the sender and delete this message.<br \/>\nAny unauthorized copying of this message or unauthorized distribution of the information contained herein is prohibited.&#8221; box_shadow_style_button=&#8221;preset3&#8243; global_colors_info=&#8221;{}&#8221;][et_pb_contact_field field_id=&#8221;artderanfrage&#8221; field_title=&#8221;I ask this question as&#8221; field_type=&#8221;radio&#8221; radio_options=&#8221;%91{%22value%22:%22Company%22,%22checked%22:0,%22dragID%22:-1},{%22value%22:%22Trader%22,%22checked%22:0,%22dragID%22:0},{%22value%22:%22Private person%22,%22checked%22:0,%22dragID%22:1}%93&#8243; _builder_version=&#8221;4.17.4&#8243; _module_preset=&#8221;default&#8221; global_colors_info=&#8221;{}&#8221;][\/et_pb_contact_field][et_pb_contact_field field_id=&#8221;anliegen&#8221; field_title=&#8221;Your issue&#8221; field_type=&#8221;select&#8221; select_options=&#8221;%91{%22value%22:%22General request%22,%22checked%22:0,%22dragID%22:-1},{%22value%22:%22Request OEM \\\/ Private Label%22,%22checked%22:0,%22dragID%22:0},{%22value%22:%22Call-back request%22,%22checked%22:0,%22dragID%22:1}%93&#8243; fullwidth_field=&#8221;on&#8221; conditional_logic=&#8221;on&#8221; conditional_logic_rules=&#8221;%91{%22field%22:%22artderanfrage%22,%22condition%22:%22is not empty%22,%22value%22:%22Firma%22}%93&#8243; _builder_version=&#8221;4.17.4&#8243; _module_preset=&#8221;default&#8221; global_colors_info=&#8221;{}&#8221;][\/et_pb_contact_field][et_pb_contact_field field_id=&#8221;Firma&#8221; field_title=&#8221;Company name&#8221; fullwidth_field=&#8221;on&#8221; conditional_logic=&#8221;on&#8221; conditional_logic_relation=&#8221;on&#8221; conditional_logic_rules=&#8221;%91{%22field%22:%22artderanfrage%22,%22condition%22:%22is not%22,%22value%22:%22Privatperson%22},{%22field%22:%22anliegen%22,%22condition%22:%22is not empty%22,%22value%22:%22Allgemeine Anfrage%22}%93&#8243; _builder_version=&#8221;4.17.4&#8243; global_colors_info=&#8221;{}&#8221; button_text_size__hover_enabled=&#8221;off&#8221; button_one_text_size__hover_enabled=&#8221;off&#8221; button_two_text_size__hover_enabled=&#8221;off&#8221; button_text_color__hover_enabled=&#8221;off&#8221; button_one_text_color__hover_enabled=&#8221;off&#8221; button_two_text_color__hover_enabled=&#8221;off&#8221; button_border_width__hover_enabled=&#8221;off&#8221; button_one_border_width__hover_enabled=&#8221;off&#8221; button_two_border_width__hover_enabled=&#8221;off&#8221; button_border_color__hover_enabled=&#8221;off&#8221; button_one_border_color__hover_enabled=&#8221;off&#8221; button_two_border_color__hover_enabled=&#8221;off&#8221; button_border_radius__hover_enabled=&#8221;off&#8221; button_one_border_radius__hover_enabled=&#8221;off&#8221; button_two_border_radius__hover_enabled=&#8221;off&#8221; button_letter_spacing__hover_enabled=&#8221;off&#8221; button_one_letter_spacing__hover_enabled=&#8221;off&#8221; button_two_letter_spacing__hover_enabled=&#8221;off&#8221; button_bg_color__hover_enabled=&#8221;off&#8221; button_one_bg_color__hover_enabled=&#8221;off&#8221; button_two_bg_color__hover_enabled=&#8221;off&#8221;][\/et_pb_contact_field][et_pb_contact_field field_id=&#8221;Name&#8221; field_title=&#8221;Name&#8221; conditional_logic=&#8221;on&#8221; conditional_logic_relation=&#8221;on&#8221; conditional_logic_rules=&#8221;%91{%22field%22:%22artderanfrage%22,%22condition%22:%22is not empty%22,%22value%22:%22Firma%22},{%22field%22:%22anliegen%22,%22condition%22:%22is not empty%22,%22value%22:%22Allgemeine Anfrage%22}%93&#8243; _builder_version=&#8221;4.17.4&#8243; global_colors_info=&#8221;{}&#8221; button_text_size__hover_enabled=&#8221;off&#8221; button_one_text_size__hover_enabled=&#8221;off&#8221; button_two_text_size__hover_enabled=&#8221;off&#8221; button_text_color__hover_enabled=&#8221;off&#8221; button_one_text_color__hover_enabled=&#8221;off&#8221; button_two_text_color__hover_enabled=&#8221;off&#8221; button_border_width__hover_enabled=&#8221;off&#8221; button_one_border_width__hover_enabled=&#8221;off&#8221; button_two_border_width__hover_enabled=&#8221;off&#8221; button_border_color__hover_enabled=&#8221;off&#8221; button_one_border_color__hover_enabled=&#8221;off&#8221; button_two_border_color__hover_enabled=&#8221;off&#8221; button_border_radius__hover_enabled=&#8221;off&#8221; button_one_border_radius__hover_enabled=&#8221;off&#8221; button_two_border_radius__hover_enabled=&#8221;off&#8221; button_letter_spacing__hover_enabled=&#8221;off&#8221; button_one_letter_spacing__hover_enabled=&#8221;off&#8221; button_two_letter_spacing__hover_enabled=&#8221;off&#8221; button_bg_color__hover_enabled=&#8221;off&#8221; button_one_bg_color__hover_enabled=&#8221;off&#8221; button_two_bg_color__hover_enabled=&#8221;off&#8221;][\/et_pb_contact_field][et_pb_contact_field field_id=&#8221;Position&#8221; field_title=&#8221;Position&#8221; conditional_logic=&#8221;on&#8221; conditional_logic_relation=&#8221;on&#8221; conditional_logic_rules=&#8221;%91{%22field%22:%22artderanfrage%22,%22condition%22:%22is not%22,%22value%22:%22Privatperson%22},{%22field%22:%22anliegen%22,%22condition%22:%22is not empty%22,%22value%22:%22Allgemeine Anfrage%22}%93&#8243; _builder_version=&#8221;4.17.4&#8243; global_colors_info=&#8221;{}&#8221; button_text_size__hover_enabled=&#8221;off&#8221; button_one_text_size__hover_enabled=&#8221;off&#8221; button_two_text_size__hover_enabled=&#8221;off&#8221; button_text_color__hover_enabled=&#8221;off&#8221; button_one_text_color__hover_enabled=&#8221;off&#8221; button_two_text_color__hover_enabled=&#8221;off&#8221; button_border_width__hover_enabled=&#8221;off&#8221; button_one_border_width__hover_enabled=&#8221;off&#8221; button_two_border_width__hover_enabled=&#8221;off&#8221; button_border_color__hover_enabled=&#8221;off&#8221; button_one_border_color__hover_enabled=&#8221;off&#8221; button_two_border_color__hover_enabled=&#8221;off&#8221; button_border_radius__hover_enabled=&#8221;off&#8221; button_one_border_radius__hover_enabled=&#8221;off&#8221; button_two_border_radius__hover_enabled=&#8221;off&#8221; button_letter_spacing__hover_enabled=&#8221;off&#8221; button_one_letter_spacing__hover_enabled=&#8221;off&#8221; button_two_letter_spacing__hover_enabled=&#8221;off&#8221; button_bg_color__hover_enabled=&#8221;off&#8221; button_one_bg_color__hover_enabled=&#8221;off&#8221; button_two_bg_color__hover_enabled=&#8221;off&#8221;][\/et_pb_contact_field][et_pb_contact_field field_id=&#8221;adresse&#8221; field_title=&#8221;Street, no.&#8221; conditional_logic=&#8221;on&#8221; conditional_logic_relation=&#8221;on&#8221; conditional_logic_rules=&#8221;%91{%22field%22:%22artderanfrage%22,%22condition%22:%22is not empty%22,%22value%22:%22Firma%22},{%22field%22:%22anliegen%22,%22condition%22:%22is not%22,%22value%22:%22R\u00fcckrufbitte%22},{%22field%22:%22anliegen%22,%22condition%22:%22is not empty%22,%22value%22:%22Allgemeine Anfrage%22}%93&#8243; _builder_version=&#8221;4.17.4&#8243; _module_preset=&#8221;default&#8221; global_colors_info=&#8221;{}&#8221;][\/et_pb_contact_field][et_pb_contact_field field_id=&#8221;plz&#8221; field_title=&#8221;Postcode, city&#8221; conditional_logic=&#8221;on&#8221; conditional_logic_relation=&#8221;on&#8221; conditional_logic_rules=&#8221;%91{%22field%22:%22artderanfrage%22,%22condition%22:%22is not empty%22,%22value%22:%22Firma%22},{%22field%22:%22anliegen%22,%22condition%22:%22is not%22,%22value%22:%22R\u00fcckrufbitte%22},{%22field%22:%22anliegen%22,%22condition%22:%22is not empty%22,%22value%22:%22Allgemeine Anfrage%22}%93&#8243; _builder_version=&#8221;4.17.4&#8243; _module_preset=&#8221;default&#8221; global_colors_info=&#8221;{}&#8221;][\/et_pb_contact_field][et_pb_contact_field field_id=&#8221;Email&#8221; field_title=&#8221;Email address&#8221; field_type=&#8221;email&#8221; conditional_logic=&#8221;on&#8221; conditional_logic_relation=&#8221;on&#8221; conditional_logic_rules=&#8221;%91{%22field%22:%22anliegen%22,%22condition%22:%22is not empty%22,%22value%22:%22Allgemeine Anfrage%22},{%22field%22:%22anliegen%22,%22condition%22:%22is not%22,%22value%22:%22R\u00fcckrufbitte%22}%93&#8243; _builder_version=&#8221;4.17.4&#8243; global_colors_info=&#8221;{}&#8221; button_text_size__hover_enabled=&#8221;off&#8221; button_one_text_size__hover_enabled=&#8221;off&#8221; button_two_text_size__hover_enabled=&#8221;off&#8221; button_text_color__hover_enabled=&#8221;off&#8221; button_one_text_color__hover_enabled=&#8221;off&#8221; button_two_text_color__hover_enabled=&#8221;off&#8221; button_border_width__hover_enabled=&#8221;off&#8221; button_one_border_width__hover_enabled=&#8221;off&#8221; button_two_border_width__hover_enabled=&#8221;off&#8221; button_border_color__hover_enabled=&#8221;off&#8221; button_one_border_color__hover_enabled=&#8221;off&#8221; button_two_border_color__hover_enabled=&#8221;off&#8221; button_border_radius__hover_enabled=&#8221;off&#8221; button_one_border_radius__hover_enabled=&#8221;off&#8221; button_two_border_radius__hover_enabled=&#8221;off&#8221; button_letter_spacing__hover_enabled=&#8221;off&#8221; button_one_letter_spacing__hover_enabled=&#8221;off&#8221; button_two_letter_spacing__hover_enabled=&#8221;off&#8221; button_bg_color__hover_enabled=&#8221;off&#8221; button_one_bg_color__hover_enabled=&#8221;off&#8221; button_two_bg_color__hover_enabled=&#8221;off&#8221;][\/et_pb_contact_field][et_pb_contact_field field_id=&#8221;telefon&#8221; field_title=&#8221;Phone number&#8221; conditional_logic=&#8221;on&#8221; conditional_logic_rules=&#8221;%91{%22field%22:%22anliegen%22,%22condition%22:%22is not empty%22,%22value%22:%22Allgemeine Anfrage%22}%93&#8243; _builder_version=&#8221;4.17.4&#8243; _module_preset=&#8221;default&#8221; global_colors_info=&#8221;{}&#8221;][\/et_pb_contact_field][et_pb_contact_field field_id=&#8221;Message&#8221; field_title=&#8221;Your message&#8221; field_type=&#8221;text&#8221; fullwidth_field=&#8221;on&#8221; conditional_logic=&#8221;on&#8221; conditional_logic_rules=&#8221;%91{%22field%22:%22anliegen%22,%22condition%22:%22is not empty%22,%22value%22:%22Allgemeine Anfrage%22}%93&#8243; _builder_version=&#8221;4.17.4&#8243; global_colors_info=&#8221;{}&#8221; button_text_size__hover_enabled=&#8221;off&#8221; button_one_text_size__hover_enabled=&#8221;off&#8221; button_two_text_size__hover_enabled=&#8221;off&#8221; button_text_color__hover_enabled=&#8221;off&#8221; button_one_text_color__hover_enabled=&#8221;off&#8221; button_two_text_color__hover_enabled=&#8221;off&#8221; button_border_width__hover_enabled=&#8221;off&#8221; button_one_border_width__hover_enabled=&#8221;off&#8221; button_two_border_width__hover_enabled=&#8221;off&#8221; button_border_color__hover_enabled=&#8221;off&#8221; button_one_border_color__hover_enabled=&#8221;off&#8221; button_two_border_color__hover_enabled=&#8221;off&#8221; button_border_radius__hover_enabled=&#8221;off&#8221; button_one_border_radius__hover_enabled=&#8221;off&#8221; button_two_border_radius__hover_enabled=&#8221;off&#8221; button_letter_spacing__hover_enabled=&#8221;off&#8221; button_one_letter_spacing__hover_enabled=&#8221;off&#8221; button_two_letter_spacing__hover_enabled=&#8221;off&#8221; button_bg_color__hover_enabled=&#8221;off&#8221; button_one_bg_color__hover_enabled=&#8221;off&#8221; button_two_bg_color__hover_enabled=&#8221;off&#8221;][\/et_pb_contact_field][et_pb_contact_field field_id=&#8221;Datenschutz&#8221; field_title=&#8221;Privacy&#8221; field_type=&#8221;checkbox&#8221; checkbox_options=&#8221;%91{%22value%22:%22I agree that my details from the contact form are collected and processed for the purpose of handling and answering my enquiry. The data will be deleted after your request has been processed. Note: You can revoke your consent for the future at any time by sending an e-mail to info@lmw-leichtmetall.de. Detailed information on the handling of user data can be found in our %22,%22checked%22:0,%22dragID%22:-1,%22link_text%22:%22Privacy Policy.%22,%22link_url%22:%22\\\/datenschutz\\\/%22}%93&#8243; fullwidth_field=&#8221;on&#8221; _builder_version=&#8221;4.17.4&#8243; _module_preset=&#8221;default&#8221; form_field_text_color=&#8221;#97979A&#8221; form_field_font_size=&#8221;12px&#8221; use_field_label_cr=&#8221;off&#8221; global_colors_info=&#8221;{}&#8221;][\/et_pb_contact_field][\/et_pb_contact_form][et_pb_text _builder_version=&#8221;4.17.4&#8243; _module_preset=&#8221;default&#8221; text_text_color=&#8221;#97979A&#8221; text_font_size=&#8221;11px&#8221; global_colors_info=&#8221;{}&#8221;]<\/p>\n<p>*Mandatory field<\/p>\n<p>[\/et_pb_text][\/et_pb_column][\/et_pb_row][\/et_pb_section][et_pb_section fb_built=&#8221;1&#8243; disabled_on=&#8221;off|off|off&#8221; _builder_version=&#8221;4.17.4&#8243; _module_preset=&#8221;default&#8221; background_image=&#8221;https:\/\/www.lmw-leichtmetall.de\/wp-content\/uploads\/2022\/06\/Titelbild-_0009_Ebene-1.jpg&#8221; parallax=&#8221;on&#8221; min_height=&#8221;400px&#8221; global_colors_info=&#8221;{}&#8221;][\/et_pb_section]<\/p>\n","protected":false},"excerpt":{"rendered":"<p>Welcome in unserem Werksverkauf Das Kochen und Braten ist unsere Passion.Contact &amp; Opening hoursLMW Leichtmetallguss GmbHH\u00f6nnestra\u00dfe 59D-58809 Neuenrade Phone: +49 (0) 23 94 \/ 91 89 &#8211; 0Fax: +49 (0) 23 94 \/ 91 89 &#8211; 20email: info@lmw-leichtmetall.deOffice hours<div class=\"et_pb_module dipl_business_hours dipl_business_hours_0\">\n\t\t\t\t\n\t\t\t\t\n\t\t\t\t\n\t\t\t\t\n\t\t\t\t\n\t\t\t\t\n\t\t\t\t<div class=\"et_pb_module_inner\">\n\t\t\t\t\t<div class=\"et_pb_module dipl_business_hours_item dipl_business_hours_item_0\">\n\t\t\t\t\n\t\t\t\t\n\t\t\t\t\n\t\t\t\t\n\t\t\t\t\n\t\t\t\t\n\t\t\t\t<div class=\"et_pb_module_inner\">\n\t\t\t\t\t<div class=\"dipl_business_hour_wrapper\"><div class=\"dipl_business_day\">Montag - Donnerstag<\/div><div class=\"dipl_business_time\">8.00 \u2013 16.00 Uhr<\/div><\/div>\n\t\t\t\t<\/div>\n\t\t\t<\/div><div class=\"et_pb_module dipl_business_hours_item dipl_business_hours_item_1\">\n\t\t\t\t\n\t\t\t\t\n\t\t\t\t\n\t\t\t\t\n\t\t\t\t\n\t\t\t\t\n\t\t\t\t<div class=\"et_pb_module_inner\">\n\t\t\t\t\t<div class=\"dipl_business_hour_wrapper\"><div class=\"dipl_business_day\">Freitag<\/div><div class=\"dipl_business_time\">8.00 \u2013 15.00 Uhr<\/div><\/div>\n\t\t\t\t<\/div>\n\t\t\t<\/div>\n\t\t\t\t<\/div>\n\t\t\t<\/div>Online enquiry*Mandatory field<\/p>\n","protected":false},"author":1,"featured_media":0,"parent":0,"menu_order":0,"comment_status":"closed","ping_status":"closed","template":"","meta":{"_et_pb_use_builder":"on","_et_pb_old_content":"","_et_gb_content_width":"","inline_featured_image":false,"footnotes":""},"class_list":["post-773","page","type-page","status-publish","hentry"],"_links":{"self":[{"href":"https:\/\/www.lmw-leichtmetall.de\/en\/wp-json\/wp\/v2\/pages\/773","targetHints":{"allow":["GET"]}}],"collection":[{"href":"https:\/\/www.lmw-leichtmetall.de\/en\/wp-json\/wp\/v2\/pages"}],"about":[{"href":"https:\/\/www.lmw-leichtmetall.de\/en\/wp-json\/wp\/v2\/types\/page"}],"author":[{"embeddable":true,"href":"https:\/\/www.lmw-leichtmetall.de\/en\/wp-json\/wp\/v2\/users\/1"}],"replies":[{"embeddable":true,"href":"https:\/\/www.lmw-leichtmetall.de\/en\/wp-json\/wp\/v2\/comments?post=773"}],"version-history":[{"count":6,"href":"https:\/\/www.lmw-leichtmetall.de\/en\/wp-json\/wp\/v2\/pages\/773\/revisions"}],"predecessor-version":[{"id":1215,"href":"https:\/\/www.lmw-leichtmetall.de\/en\/wp-json\/wp\/v2\/pages\/773\/revisions\/1215"}],"wp:attachment":[{"href":"https:\/\/www.lmw-leichtmetall.de\/en\/wp-json\/wp\/v2\/media?parent=773"}],"curies":[{"name":"wp","href":"https:\/\/api.w.org\/{rel}","templated":true}]}}